{"id":6077,"date":"2015-07-07T14:56:57","date_gmt":"2015-07-07T17:56:57","guid":{"rendered":"http:\/\/www.motivacao.org\/blog\/?page_id=6077"},"modified":"2026-04-27T11:17:06","modified_gmt":"2026-04-27T14:17:06","slug":"quem-somos","status":"publish","type":"page","link":"https:\/\/www.motivacao.org\/blog\/quem-somos","title":{"rendered":"Quem Somos"},"content":{"rendered":"<p><a href=\"http:\/\/www.valeencantado.eco.br\" target=\"_blank\" rel=\"noopener\"><img loading=\"lazy\" decoding=\"async\" class=\"alignnone  wp-image-6634\" src=\"http:\/\/www.motivacao.org\/blog\/wp-content\/uploads\/2011\/08\/caparadiovaleencantado-300x60.jpg\" alt=\"caparadiovaleencantado\" width=\"640\" height=\"128\" srcset=\"https:\/\/www.motivacao.org\/blog\/wp-content\/uploads\/2011\/08\/caparadiovaleencantado-300x60.jpg 300w, https:\/\/www.motivacao.org\/blog\/wp-content\/uploads\/2011\/08\/caparadiovaleencantado-1024x205.jpg 1024w, https:\/\/www.motivacao.org\/blog\/wp-content\/uploads\/2011\/08\/caparadiovaleencantado.jpg 1100w\" sizes=\"auto, (max-width: 640px) 100vw, 640px\" \/><\/a><\/p>\n<div id=\"content\">\n<div id=\"nav\">\n<div id=\"player\" class=\"bg-gray\">\n<div class=\"rf-player player-1 \">\n<div class=\"rf-width-control\">\n<div class=\"rf-padding-control\">\n<div class=\"rf-player-container\">\n<div id=\"rf-player-container\">\n<div class=\"rf-player-background\"><span class=\"social-item\"><a href=\"https:\/\/www.facebook.com\/egidiogarcia.coelho\" target=\"_blank\" rel=\"nofollow noopener\"><img decoding=\"async\" title=\"Facebook\" src=\"https:\/\/s3-sa-east-1.amazonaws.com\/radiofacil-assets\/compressed\/img\/website\/social\/facebook.png?_t=27949253b57c4291faf9cdd8ca09b0fb\" alt=\"Facebook\" \/><\/a><\/span><span class=\"social-item\"><a href=\"https:\/\/plus.google.com\/+EgidioGarciaCoelho\" target=\"_blank\" rel=\"nofollow noopener\"><img decoding=\"async\" title=\"Google+\" src=\"https:\/\/s3-sa-east-1.amazonaws.com\/radiofacil-assets\/compressed\/img\/website\/social\/googleplus.png?_t=27949253b57c4291faf9cdd8ca09b0fb\" alt=\"Google+\" \/><\/a><\/span><span class=\"social-item\"><a href=\"https:\/\/www.instagram.com\/egidioimmb\/\" target=\"_blank\" rel=\"nofollow noopener\"><img decoding=\"async\" title=\"Instagram\" src=\"https:\/\/s3-sa-east-1.amazonaws.com\/radiofacil-assets\/compressed\/img\/website\/social\/instagram.png?_t=27949253b57c4291faf9cdd8ca09b0fb\" alt=\"Instagram\" \/><\/a><\/span><span class=\"social-item\"><a href=\"https:\/\/twitter.com\/egidioimmb\" target=\"_blank\" rel=\"nofollow noopener\"><img decoding=\"async\" title=\"Twitter\" src=\"https:\/\/s3-sa-east-1.amazonaws.com\/radiofacil-assets\/compressed\/img\/website\/social\/twitter.png?_t=27949253b57c4291faf9cdd8ca09b0fb\" alt=\"Twitter\" \/><\/a><\/span><span class=\"social-item\"><a href=\"http:\/\/radiowebimmb.com.br\/contato\/\" target=\"_blank\" rel=\"nofollow noopener\"><img decoding=\"async\" title=\"Whatsapp\" src=\"https:\/\/s3-sa-east-1.amazonaws.com\/radiofacil-assets\/compressed\/img\/website\/social\/whatsapp.png?_t=27949253b57c4291faf9cdd8ca09b0fb\" alt=\"Whatsapp\" \/><\/a><\/span><span class=\"social-item\"><a href=\"https:\/\/www.youtube.com\/user\/egidioimmb\" target=\"_blank\" rel=\"nofollow noopener\"><img decoding=\"async\" title=\"Youtube\" src=\"https:\/\/s3-sa-east-1.amazonaws.com\/radiofacil-assets\/compressed\/img\/website\/social\/youtube.png?_t=27949253b57c4291faf9cdd8ca09b0fb\" alt=\"Youtube\" \/><\/a><\/span><\/div>\n<\/div>\n<\/div>\n<\/div>\n<\/div>\n<\/div>\n<\/div>\n<\/div>\n<\/div>\n<p><script src=\"https:\/\/www.google.com\/recaptcha\/api.js?render=explicit\" type=\"text\/javascript\"><\/script><\/p>\n<pre class=\"text\" style=\"text-align: center;\"><span style=\"color: #003300;\"><a style=\"color: #003300;\" title=\"Logo Quem Sou Eu\" href=\"http:\/\/www.motivacao.org\/blog\/about\/logo-quem-sou-eu\" rel=\"attachment wp-att-178\"><img loading=\"lazy\" decoding=\"async\" class=\"imageframe imgaligncenter\" src=\"http:\/\/www.motivacao.org\/blog\/wp-content\/uploads\/2008\/02\/logo_quem_sou_eu.gif\" alt=\"Logo Quem Sou Eu\" width=\"265\" height=\"113\" \/><\/a>\n<strong>Um sonho que virou realidade<\/strong><\/span><\/pre>\n<pre class=\"text\" style=\"text-align: center;\"><span style=\"color: #003300;\"><strong>Escola Mariana Nova Vida<\/strong><\/span>\n<span style=\"color: #003300;\">\"Aliando-se uma filosofia de cooperativa aos ensinamentos do livro \u201cA Lei do<\/span>\n<span style=\"color: #003300;\"><strong>T r i u n f o<\/strong>\u201d de Napoleon Hill, nasceu o <strong>\"Master Mind Bureau\u201d<\/strong> na <\/span>\n<span style=\"color: #003300;\">cidade de Florian\u00f3polis em Janeiro de 1997, fundado por Eg\u00eddio<\/span>\n<span style=\"color: #003300;\">Garcia Coelho, o que \u00e9 hoje a Escola Mariana Nova Vida\/Holo Spa Vale Encantado<\/span><span style=\"color: #003300;\">.\u00a0 <\/span><\/pre>\n<pre class=\"text\" style=\"text-align: center;\"><span style=\"color: #003300;\">Um grupo de profissionais com<\/span>\n<span style=\"color: #003300;\"> diferentes habilidades e sede do saber que,<\/span>\n<span style=\"color: #003300;\"> aliados ao esp\u00edrito de humildes <\/span>\n<span style=\"color: #003300;\">empreendedores, acreditaram e <\/span>\n<span style=\"color: #003300;\">deram os primeiros passos.<\/span><\/pre>\n<pre class=\"western\" style=\"text-align: center;\"><span style=\"color: #003300;\"><strong>MISS\u00c3O:\n<\/strong>Permanente busca da verdade, visando o despertar da consci\u00eancia no grupo,\n\u00a0focando na capacita\u00e7\u00e3o para propagar atrav\u00e9s do ensino (individuais ou \ngrupos), informa\u00e7\u00f5es filos\u00f3ficas e teos\u00f3ficas para o crescimento e\n desenvolvimento humano, ressaltando o compromisso de cada\n um, como exemplo de conduta e obten\u00e7\u00e3o de resultados\u00a0 \npela persist\u00eancia, pr\u00e1tica, disciplina e humildade.<\/span><\/pre>\n<pre class=\"western\" style=\"text-align: center;\"><span style=\"color: #003300;\"><strong>VIS\u00c3O: \n<\/strong>Atrav\u00e9s do desenvolvimento interativo pessoal e empresarial, avan\u00e7ar \nnas fronteiras do desconhecido, abrindo horizontes para revela\u00e7\u00e3o\n da nossa origem e mecanicidade da vida no universo, visando\nexpandir o autoconhecimento, aumentar a produtividade\n e melhorar a qualidade de vida dos seres vivos.<\/span><\/pre>\n<pre class=\"western\" style=\"text-align: center;\"><span style=\"color: #003300;\"><strong>OBJETIVO:\n<\/strong>Propagar o \"Amor Incondicional\" e a \"Lei Universal\",\u00a0 atrav\u00e9s do\n\"Desenvolvimento de Potencialidades\", semeando prosperidade\nal\u00e9m das fronteiras, interagindo com Palestras, Cursos,\nSemin\u00e1rios, Consultorias e Holoterapia.<\/span><\/pre>\n<pre style=\"text-align: center;\"><span style=\"color: #003300;\"><strong>VALORES:<\/strong>\n<em><strong>Humildade,<\/strong>\nexercitando a arte de saber ouvir.<\/em>\n<strong>Integridade,<\/strong><\/span>\n<span style=\"color: #003300;\">fazendo sempre o que \u00e9 certo,<\/span>\u00a0 <span style=\"color: #003300;\">sem levar \nem conta as consequ\u00eancias.\n<em><strong>Desprendimento,<\/strong>\nsendo instrumento universal, fazendo uso do talento de\n cada um com efic\u00e1cia a servi\u00e7o da humanidade.<\/em>\n<strong>Determina\u00e7\u00e3o,<\/strong><\/span>\n<span style=\"color: #003300;\">praticando com disciplina constante o exerc\u00edcio da<\/span>\n<span style=\"color: #003300;\">autossupera\u00e7\u00e3o, visando fugir da estagna\u00e7\u00e3o.\n<strong>Otimismo,<\/strong><\/span>\n<span style=\"color: #003300;\">despertando das profundezas do ser a<\/span>\n<span style=\"color: #003300;\">intuitiva criatividade sem limites.\n<strong>Entusiasmo,<\/strong><\/span>\n<span style=\"color: #003300;\">ativando em cada um a for\u00e7a\u00a0divina<\/span> <span style=\"color: #003300;\">(THEOS) que det\u00e9m \no poder da imagina\u00e7\u00e3o e realiza\u00e7\u00e3o.<\/span><\/pre>\n<pre style=\"text-align: center;\"><span style=\"color: #003300;\"><strong>IMMB<\/strong>\n<strong> Instituto Mente Mestre Brasil<\/strong>\nEsta jornada absorveu do fundador, investimentos de dezoito (18) anos de estudos,\npesquisas e pr\u00e1ticas em diferentes \u00e1reas do desenvolvimento humano, somando ainda,\nmais de vinte e cinco (25) anos de trabalhos em diversas atividades, seguidos\ndepois de janeiro de 1997 com pelo menos um encontro semanal do grupo, por um\nlongo per\u00edodo, onde foram se definindo as prioridades de estudos, crit\u00e9rios\ne formas para uma representa\u00e7\u00e3o legal do mecanismo gerador de receitas do IMMB.\nEg\u00eddio Garcia Coelho, teve nessa iniciativa o apoio de Valmir Garcia Coelho,\ncontando tamb\u00e9m com incentivos de: Osias G. Rodrigues, <span style=\"text-decoration: underline;\"><a style=\"color: #003300; text-decoration: underline;\" href=\"http:\/\/www.shoppingimoveis.imb.br\" target=\"_blank\" rel=\"noopener\">Mauro Jos\u00e9 Borinelli<\/a><\/span>, \nLuiz Belloni Farias, Maria Tereza Nunes, Marin\u00eas Garcia Coelho, <span style=\"text-decoration: underline;\"><a style=\"color: #003300; text-decoration: underline;\" href=\"https:\/\/www.facebook.com\/profile.php?id=100007587408594\" target=\"_blank\" rel=\"noopener\">Paulo Afonso<\/a><\/span>\n<span style=\"text-decoration: underline;\"><a style=\"color: #003300; text-decoration: underline;\" href=\"https:\/\/www.facebook.com\/profile.php?id=100007587408594\" target=\"_blank\" rel=\"noopener\">Silva<\/a><\/span>, Amauri Pereira, <a style=\"color: #003300;\" href=\"http:\/\/www.massaruogata.com.br\/\" target=\"_blank\" rel=\"noopener\"><span style=\"text-decoration: underline;\">Massaru Ogata<\/span><\/a> e Ismael Cordeiro Junior.\nDestaque especial para os orientadores: Prof. Ismael Cordeiro J\u00fanior (Psic\u00f3logo e\nConferencista Internacional), <a style=\"color: #003300;\" href=\"http:\/\/www.palestrademotivacao.com.br\" target=\"_blank\" rel=\"noopener\"><span style=\"text-decoration: underline;\">Prof. Massaru Ogata<\/span> (Pedagogo, com especializa\u00e7\u00e3o<\/a>\n<a style=\"color: #003300;\" href=\"http:\/\/www.palestrademotivacao.com.br\" target=\"_blank\" rel=\"noopener\">em Psicologia do Comportamento, Treiner em Neurolingu\u00edstica Aplicada, An\u00e1lise<\/a>\n<a style=\"color: #003300;\" href=\"http:\/\/www.palestrademotivacao.com.br\" target=\"_blank\" rel=\"noopener\">Transacional, Din\u00e2micas de Grupo. Perito em programas motivacionais e de Alta<\/a>\n<a style=\"color: #003300;\" href=\"http:\/\/www.palestrademotivacao.com.br\" target=\"_blank\" rel=\"noopener\">Performance)<\/a>, Prof. Katsumaza Isobe (Consultor, Treinador e Terapeuta Japon\u00eas),\n<a style=\"color: #003300;\" href=\"http:\/\/www.clarisseleal.com.br\/\" target=\"_blank\" rel=\"noopener\">Clarice Leal (Psic\u00f3loga e Conferencista)<\/a> e <span style=\"text-decoration: underline;\"><a style=\"color: #003300; text-decoration: underline;\" href=\"https:\/\/www.facebook.com\/amauri.maverick\/about\" target=\"_blank\" rel=\"noopener\">Amauri Maverick<\/a><\/span> (Ent\u00e3o diretor de\nMarketing e Planejamento do Net Club, depois fundador da Matrix University\nBrasil e hoje \u00e9 Diretor da <strong><span style=\"text-decoration: underline;\"><a class=\"profileLink\" style=\"color: #003300; text-decoration: underline;\" href=\"https:\/\/www.facebook.com\/griiid.inteligencia.capital?ref=br_rs\" target=\"_blank\" rel=\"noopener\" data-hovercard=\"\/ajax\/hovercard\/page.php?id=502360953117846\">Griiid Intelig\u00eancia Capital<\/a><\/span><\/strong><\/span><\/pre>\n<h3 class=\"r\" style=\"text-align: center;\"><a href=\"http:\/\/www.motivacao.org\/blog\/wp-content\/uploads\/2015\/07\/SimboloEscMarianaNovaVida.png\"><img loading=\"lazy\" decoding=\"async\" class=\"alignnone  wp-image-6640\" src=\"http:\/\/www.motivacao.org\/blog\/wp-content\/uploads\/2015\/07\/SimboloEscMarianaNovaVida-300x288.png\" alt=\"SimboloEscMarianaNovaVida\" width=\"403\" height=\"386\" srcset=\"https:\/\/www.motivacao.org\/blog\/wp-content\/uploads\/2015\/07\/SimboloEscMarianaNovaVida-300x288.png 300w, https:\/\/www.motivacao.org\/blog\/wp-content\/uploads\/2015\/07\/SimboloEscMarianaNovaVida.png 734w\" sizes=\"auto, (max-width: 403px) 100vw, 403px\" \/><\/a><a href=\"http:\/\/www.valeencantado.eco.br\" target=\"_blank\" rel=\"noopener\"><br \/>\n<img loading=\"lazy\" decoding=\"async\" class=\"alignnone  wp-image-6628\" src=\"http:\/\/www.motivacao.org\/blog\/wp-content\/uploads\/2009\/12\/LogoHoloSpa-300x170.jpeg\" alt=\"LogoHoloSpa\" width=\"408\" height=\"231\" srcset=\"https:\/\/www.motivacao.org\/blog\/wp-content\/uploads\/2009\/12\/LogoHoloSpa-300x170.jpeg 300w, https:\/\/www.motivacao.org\/blog\/wp-content\/uploads\/2009\/12\/LogoHoloSpa-1024x580.jpeg 1024w, https:\/\/www.motivacao.org\/blog\/wp-content\/uploads\/2009\/12\/LogoHoloSpa.jpeg 1280w\" sizes=\"auto, (max-width: 408px) 100vw, 408px\" \/><\/a><span style=\"color: #ff0000;\"><strong><br \/>\nATUAL SITUA\u00c7\u00c3O DAS ATIVIDADES<\/strong><\/span><br \/>\n<span style=\"color: #003300;\">A partir de janeiro de 2011, com a implanta\u00e7\u00e3o do <span style=\"text-decoration: underline;\"><a style=\"color: #003300; text-decoration: underline;\" href=\"http:\/\/holospa.com.br\/site\/holospa.php\" target=\"_blank\" rel=\"noopener\">Projeto Holo Spa Vale<\/a><\/span> <span style=\"text-decoration: underline;\"><a style=\"color: #003300; text-decoration: underline;\" href=\"http:\/\/holospa.com.br\/holospa.php\" target=\"_blank\" rel=\"noopener\">Encantado<\/a><\/span> em Rancho Queimado &#8211; SC, o IMMB come\u00e7a a sair de cena em Santa Catarina.\u00a0 As atividades de e-commerce, s\u00e3o passadas para o <span style=\"text-decoration: underline;\"><a style=\"color: #003300; text-decoration: underline;\" href=\"http:\/\/www.immbsp.com.br\" target=\"_blank\" rel=\"noopener\">IMMB-SP<\/a><\/span> em S\u00e3o Paulo com atua\u00e7\u00e3o independente gerida por <span style=\"text-decoration: underline;\"><a style=\"color: #003300; text-decoration: underline;\" href=\"http:\/\/www.sucupiraonline.com.br\" target=\"_blank\" rel=\"noopener\">Cleide Nazareth<\/a><\/span>, ficando a \u00e1rea de educa\u00e7\u00e3o com a Escola Mariana Nova Vida e sa\u00fade com o <a href=\"https:\/\/valeencantado.eco.br\"><span style=\"text-decoration: underline;\">Holo<\/span> <span style=\"text-decoration: underline;\">Spa Vele Encantado (Nome Fantasia)<\/span> <\/a>que seguem atuando juntos.<br \/>\nCNPJ: 01.872.172\/0001-18<br \/>\n<\/span><\/h3>\n<pre style=\"text-align: center;\"><span style=\"color: #003300;\"><strong>Desenvolvimento de Potencialidades<\/strong>\u00a0\n Curso Livre Individual de Autoajuda e\/ou\n Lideran\u00e7a, tamb\u00e9m no Ensino a Dist\u00e2ncia.\n <\/span><span style=\"color: #003300;\"><strong> Cursos, Semin\u00e1rios e Palestras:<\/strong>\n Motiva\u00e7\u00e3o, Orat\u00f3ria, Adm. Tempo, Lideran\u00e7a,\n Vendas, Produtividade com Qualidade, Recodifica\u00e7\u00e3o,\n <\/span><span style=\"color: #003300;\">Reiki, <\/span><span style=\"color: #003300;\">Biomagnetismo M\u00e9dico e mais\u2026<\/span><\/pre>\n<pre style=\"text-align: center;\"><span style=\"color: #ff0000;\"><span style=\"color: #003300;\"><strong>Holoterapias:<\/strong>\n Biomagnetismo M\u00e9dico (Medicina do Futuro), Terapia de Recodifica\u00e7\u00e3o, \nReflexologia, Polariza\u00e7\u00e3o Pr\u00e2nica, Regress\u00e3o, Hipnoterapia e outras ...<\/span><\/span><\/pre>\n<h4 style=\"text-align: center;\"><span style=\"color: #003300;\"><strong>Contato<br \/>\n<\/strong>Rancho Queimado-SC (48) 99982-3401 &#8211; Plant\u00e3o (48) 99117-7777<br \/>\nWhatsApp +55489117-7777<\/span><\/h4>\n<h4 style=\"text-align: center;\"><strong><span style=\"color: #003300;\">Sites<br \/>\n<\/span> <\/strong><span style=\"color: #003300;\"><span style=\"text-decoration: underline;\"><a style=\"color: #003300; text-decoration: underline;\" href=\"http:\/\/www.motivacao.org\" target=\"_blank\" rel=\"noopener\">www.motivacao.org<\/a><br \/>\n<a style=\"color: #003300; text-decoration: underline;\" href=\"https:\/\/holo-pousada-vale-encantado.amenitiz.io\/pt\" target=\"_blank\" rel=\"noopener\">www.holopousada.com.br<\/a><br \/>\n<a style=\"color: #003300; text-decoration: underline;\" href=\"https:\/\/valeencantado.eco.br\" target=\"_blank\" rel=\"noopener\">www.valeencantado.eco.br<\/a><\/span><\/span><\/h4>\n<p>&nbsp;<\/p>\n<p><span style=\"color: #003300;\"><em>\u00a0<\/em><\/span><\/p>\n","protected":false},"excerpt":{"rendered":"<p>Um sonho que virou realidade Escola Mariana Nova Vida &#8220;Aliando-se uma filosofia de cooperativa aos ensinamentos do livro \u201cA Lei do T r i u n f o\u201d de Napoleon Hill, nasceu o &#8220;Master Mind Bureau\u201d na cidade de Florian\u00f3polis&#8230;<a href=\"https:\/\/www.motivacao.org\/blog\/quem-somos\">Read More&#8230;<\/a><\/p>\n","protected":false},"author":1,"featured_media":0,"parent":0,"menu_order":0,"comment_status":"open","ping_status":"open","template":"","meta":{"footnotes":""},"class_list":["post-6077","page","type-page","status-publish","hentry"],"_links":{"self":[{"href":"https:\/\/www.motivacao.org\/blog\/wp-json\/wp\/v2\/pages\/6077","targetHints":{"allow":["GET"]}}],"collection":[{"href":"https:\/\/www.motivacao.org\/blog\/wp-json\/wp\/v2\/pages"}],"about":[{"href":"https:\/\/www.motivacao.org\/blog\/wp-json\/wp\/v2\/types\/page"}],"author":[{"embeddable":true,"href":"https:\/\/www.motivacao.org\/blog\/wp-json\/wp\/v2\/users\/1"}],"replies":[{"embeddable":true,"href":"https:\/\/www.motivacao.org\/blog\/wp-json\/wp\/v2\/comments?post=6077"}],"version-history":[{"count":50,"href":"https:\/\/www.motivacao.org\/blog\/wp-json\/wp\/v2\/pages\/6077\/revisions"}],"predecessor-version":[{"id":7147,"href":"https:\/\/www.motivacao.org\/blog\/wp-json\/wp\/v2\/pages\/6077\/revisions\/7147"}],"wp:attachment":[{"href":"https:\/\/www.motivacao.org\/blog\/wp-json\/wp\/v2\/media?parent=6077"}],"curies":[{"name":"wp","href":"https:\/\/api.w.org\/{rel}","templated":true}]}}